{"id":286,"date":"2020-08-28T16:49:27","date_gmt":"2020-08-28T19:49:27","guid":{"rendered":"https:\/\/www.galaapart.com.ar\/web\/?page_id=286"},"modified":"2024-10-05T21:53:13","modified_gmt":"2024-10-06T00:53:13","slug":"spa","status":"publish","type":"page","link":"https:\/\/www.galaapart.com.ar\/web\/spa\/","title":{"rendered":"SPA"},"content":{"rendered":"<p>[et_pb_section fb_built=&#8221;1&#8243; _builder_version=&#8221;4.4.6&#8243; background_color=&#8221;#9e91a2&#8243; custom_margin=&#8221;||-70px||false|false&#8221; custom_padding=&#8221;||0px||false|false&#8221; animation_style=&#8221;fade&#8221;][et_pb_row column_structure=&#8221;1_2,1_2&#8243; _builder_version=&#8221;4.4.6&#8243; custom_margin=&#8221;0px||||false|false&#8221; custom_padding=&#8221;0px||||false|false&#8221;][et_pb_column type=&#8221;1_2&#8243; _builder_version=&#8221;4.4.6&#8243;][et_pb_text _builder_version=&#8221;4.4.6&#8243; text_font=&#8221;Montserrat|100||on|||||&#8221; text_text_color=&#8221;#ffffff&#8221; text_font_size=&#8221;79px&#8221; text_line_height=&#8221;1.8em&#8221; text_font_size_tablet=&#8221;&#8221; text_font_size_phone=&#8221;50px&#8221; text_font_size_last_edited=&#8221;on|phone&#8221;]Spa[\/et_pb_text][et_pb_text _builder_version=&#8221;4.4.6&#8243; text_font=&#8221;Roboto|300|||||||&#8221; text_text_color=&#8221;#ffffff&#8221; text_font_size=&#8221;20px&#8221; text_line_height=&#8221;1.8em&#8221; text_font_size_tablet=&#8221;&#8221; text_font_size_phone=&#8221;15px&#8221; text_font_size_last_edited=&#8221;on|phone&#8221;]<\/p>\n<p style=\"text-align: justify;\">Circuitos h\u00eddricos que ayudan a eliminar tensiones y desintoxicar el cuerpo.<br \/> Su uso es por turnos, previamente elegidos, lo que les garantizar\u00e1 una privacidad necesaria para disfrutar.<\/p>\n<p>[\/et_pb_text][et_pb_image src=&#8221;https:\/\/www.galaapart.com.ar\/web\/wp-content\/uploads\/2020\/08\/Spa_icono3-min.png&#8221; title_text=&#8221;Spa_icono3-min&#8221; _builder_version=&#8221;4.4.6&#8243;][\/et_pb_image][\/et_pb_column][et_pb_column type=&#8221;1_2&#8243; _builder_version=&#8221;4.4.6&#8243;][et_pb_image src=&#8221;https:\/\/www.galaapart.com.ar\/web\/wp-content\/uploads\/2020\/08\/Spa1-min.png&#8221; title_text=&#8221;Spa1-min&#8221; _builder_version=&#8221;4.4.6&#8243; scroll_fade_enable=&#8221;on&#8221; scroll_blur_enable=&#8221;on&#8221;][\/et_pb_image][\/et_pb_column][\/et_pb_row][\/et_pb_section][et_pb_section fb_built=&#8221;1&#8243; disabled_on=&#8221;off|off|on&#8221; _builder_version=&#8221;4.4.6&#8243; background_enable_color=&#8221;off&#8221; custom_padding=&#8221;||0px||false|false&#8221;][et_pb_row column_structure=&#8221;1_2,1_2&#8243; _builder_version=&#8221;4.4.6&#8243; custom_padding=&#8221;4px|||||&#8221;][et_pb_column type=&#8221;1_2&#8243; _builder_version=&#8221;4.4.6&#8243;][et_pb_text _builder_version=&#8221;4.4.6&#8243; text_font=&#8221;Montserrat|100||on|||||&#8221; text_text_color=&#8221;#444444&#8243; text_font_size=&#8221;30px&#8221; text_line_height=&#8221;1.8em&#8221; min_height=&#8221;16px&#8221; custom_margin=&#8221;50px||||false|false&#8221; animation_style=&#8221;fade&#8221;]<\/p>\n<p style=\"text-align: center;\">DUCHA ESCOCESA<\/p>\n<p>[\/et_pb_text][et_pb_text _builder_version=&#8221;4.4.6&#8243; text_font=&#8221;Roboto|300|||||||&#8221; text_text_color=&#8221;#444444&#8243; text_font_size=&#8221;15px&#8221; text_line_height=&#8221;2em&#8221;]<\/p>\n<p style=\"text-align: justify;\">Es uno de los tratamientos hidroterap\u00e9uticos m\u00e1s eficaces para combatir el estr\u00e9s y tonificar musculatura. Se basa en la proyecci\u00f3n de agua en chorros a presi\u00f3n. Se suele alternar agua caliente y agua fr\u00eda.<\/p>\n<p>[\/et_pb_text][\/et_pb_column][et_pb_column type=&#8221;1_2&#8243; _builder_version=&#8221;4.4.6&#8243;][et_pb_image src=&#8221;https:\/\/www.galaapart.com.ar\/web\/wp-content\/uploads\/2020\/08\/Spa_2-min.jpg&#8221; title_text=&#8221;Spa_2-min&#8221; _builder_version=&#8221;4.4.6&#8243; animation_style=&#8221;fade&#8221;][\/et_pb_image][\/et_pb_column][\/et_pb_row][\/et_pb_section][et_pb_section fb_built=&#8221;1&#8243; disabled_on=&#8221;on|off|off&#8221; _builder_version=&#8221;4.4.6&#8243; background_enable_color=&#8221;off&#8221; custom_margin=&#8221;||-273px||false|false&#8221; custom_padding=&#8221;||0px||false|false&#8221;][et_pb_row column_structure=&#8221;1_2,1_2&#8243; _builder_version=&#8221;4.4.6&#8243;][et_pb_column type=&#8221;1_2&#8243; _builder_version=&#8221;4.4.6&#8243;][et_pb_image src=&#8221;https:\/\/www.galaapart.com.ar\/web\/wp-content\/uploads\/2020\/08\/Spa_2-min.jpg&#8221; title_text=&#8221;Spa_2-min&#8221; _builder_version=&#8221;4.4.6&#8243; animation_style=&#8221;fade&#8221;][\/et_pb_image][\/et_pb_column][et_pb_column type=&#8221;1_2&#8243; _builder_version=&#8221;4.4.6&#8243;][et_pb_text _builder_version=&#8221;4.4.6&#8243; text_font=&#8221;Montserrat|100||on|||||&#8221; text_text_color=&#8221;#444444&#8243; text_font_size=&#8221;40px&#8221; text_line_height=&#8221;1.8em&#8221; min_height=&#8221;16px&#8221; custom_margin=&#8221;50px||||false|false&#8221; animation_style=&#8221;fade&#8221;]<\/p>\n<p style=\"text-align: center;\">DUCHA ESCOCESA<\/p>\n<p>[\/et_pb_text][et_pb_text _builder_version=&#8221;4.4.6&#8243; text_font=&#8221;Roboto|300|||||||&#8221; text_text_color=&#8221;#444444&#8243; text_font_size=&#8221;20px&#8221; text_line_height=&#8221;1.8em&#8221;]<\/p>\n<p style=\"text-align: justify;\">Es uno de los tratamientos hidroterap\u00e9uticos m\u00e1s eficaces para combatir el estr\u00e9s y tonificar musculatura. Se basa en la proyecci\u00f3n de agua en chorros a presi\u00f3n. Se suele alternar agua caliente y agua fr\u00eda.<\/p>\n<p>[\/et_pb_text][et_pb_text _builder_version=&#8221;4.4.6&#8243; text_font=&#8221;Montserrat|100||on|||||&#8221; text_text_color=&#8221;#444444&#8243; text_font_size=&#8221;40px&#8221; text_line_height=&#8221;1.8em&#8221; custom_padding=&#8221;257px||0px||false|false&#8221; scroll_fade_enable=&#8221;on&#8221; scroll_blur_enable=&#8221;on&#8221;]<\/p>\n<p style=\"text-align: center;\">conectate con<br \/> tu cuerpo.<\/p>\n<p>[\/et_pb_text][\/et_pb_column][\/et_pb_row][\/et_pb_section][et_pb_section fb_built=&#8221;1&#8243; disabled_on=&#8221;on|off|off&#8221; _builder_version=&#8221;4.4.6&#8243; background_color=&#8221;#eeeeee&#8221; min_height=&#8221;231px&#8221; custom_margin=&#8221;||-85px||false|false&#8221;][et_pb_row column_structure=&#8221;1_2,1_2&#8243; _builder_version=&#8221;4.4.6&#8243; custom_padding=&#8221;0px|||||&#8221;][et_pb_column type=&#8221;1_2&#8243; _builder_version=&#8221;4.4.6&#8243;][\/et_pb_column][et_pb_column type=&#8221;1_2&#8243; _builder_version=&#8221;4.4.6&#8243;][\/et_pb_column][\/et_pb_row][\/et_pb_section][et_pb_section fb_built=&#8221;1&#8243; _builder_version=&#8221;4.4.6&#8243; background_color=&#8221;#eeeeee&#8221; custom_margin=&#8221;||-150px||false|false&#8221; custom_padding=&#8221;||0px||false|false&#8221;][et_pb_row column_structure=&#8221;1_2,1_2&#8243; _builder_version=&#8221;4.4.6&#8243;][et_pb_column type=&#8221;1_2&#8243; _builder_version=&#8221;4.4.6&#8243;][et_pb_text _builder_version=&#8221;4.4.6&#8243; text_font=&#8221;Montserrat|100||on|||||&#8221; text_text_color=&#8221;#444444&#8243; text_font_size=&#8221;40px&#8221; text_line_height=&#8221;1.8em&#8221; min_height=&#8221;16px&#8221; custom_margin=&#8221;50px||||false|false&#8221; custom_margin_tablet=&#8221;&#8221; custom_margin_phone=&#8221;0px||||false|false&#8221; custom_margin_last_edited=&#8221;on|desktop&#8221; animation_style=&#8221;fade&#8221; text_font_size_tablet=&#8221;&#8221; text_font_size_phone=&#8221;30px&#8221; text_font_size_last_edited=&#8221;on|desktop&#8221;]<\/p>\n<p style=\"text-align: center;\">SAUNA SECO<\/p>\n<p>[\/et_pb_text][et_pb_text _builder_version=&#8221;4.4.6&#8243; text_font=&#8221;Roboto|300|||||||&#8221; text_text_color=&#8221;#444444&#8243; text_font_size=&#8221;20px&#8221; text_line_height=&#8221;2em&#8221; text_font_size_tablet=&#8221;&#8221; text_font_size_phone=&#8221;15px&#8221; text_font_size_last_edited=&#8221;on|phone&#8221;]<\/p>\n<p style=\"text-align: justify;\">Un rito que conlleva a la radiaci\u00f3n de varios lapsos de transpiraci\u00f3n y golpes de vapor que se producen arrojando agua sobre piedras calientes. Beneficia la desintoxicaci\u00f3n de la piel, limpieza de las v\u00edas respiratorias, mejora el flujo de la sangre, el coraz\u00f3n bombea con m\u00e1s fuerza y te prepara para un buen dormir.<\/p>\n<p>[\/et_pb_text][\/et_pb_column][et_pb_column type=&#8221;1_2&#8243; _builder_version=&#8221;4.4.6&#8243;][et_pb_image src=&#8221;https:\/\/www.galaapart.com.ar\/web\/wp-content\/uploads\/2020\/08\/Spa_3-min.jpg&#8221; title_text=&#8221;Spa_3-min&#8221; _builder_version=&#8221;4.4.6&#8243; animation_style=&#8221;fade&#8221;][\/et_pb_image][\/et_pb_column][\/et_pb_row][\/et_pb_section][et_pb_section fb_built=&#8221;1&#8243; disabled_on=&#8221;on|off|off&#8221; _builder_version=&#8221;4.4.6&#8243; background_enable_color=&#8221;off&#8221; custom_margin=&#8221;||-302px||false|false&#8221; custom_padding=&#8221;||0px||false|false&#8221;][et_pb_row column_structure=&#8221;1_2,1_2&#8243; _builder_version=&#8221;4.4.6&#8243;][et_pb_column type=&#8221;1_2&#8243; _builder_version=&#8221;4.4.6&#8243;][et_pb_image src=&#8221;https:\/\/www.galaapart.com.ar\/web\/wp-content\/uploads\/2020\/08\/Spa_4-min.jpg&#8221; title_text=&#8221;Spa_4-min&#8221; show_bottom_space=&#8221;off&#8221; _builder_version=&#8221;4.4.6&#8243; custom_margin=&#8221;||70px||false|false&#8221; animation_style=&#8221;fade&#8221;][\/et_pb_image][\/et_pb_column][et_pb_column type=&#8221;1_2&#8243; _builder_version=&#8221;4.4.6&#8243;][et_pb_text _builder_version=&#8221;4.4.6&#8243; text_font=&#8221;Montserrat|100||on|||||&#8221; text_text_color=&#8221;#444444&#8243; text_font_size=&#8221;40px&#8221; text_line_height=&#8221;1.8em&#8221; min_height=&#8221;16px&#8221; custom_margin=&#8221;50px||||false|false&#8221; animation_style=&#8221;fade&#8221;]<\/p>\n<p style=\"text-align: center;\">SAUNA H\u00famedo<\/p>\n<p>[\/et_pb_text][et_pb_text _builder_version=&#8221;4.4.6&#8243; text_font=&#8221;Roboto|300|||||||&#8221; text_text_color=&#8221;#444444&#8243; text_font_size=&#8221;20px&#8221; text_line_height=&#8221;1.8em&#8221;]<\/p>\n<p style=\"text-align: justify;\">Es un ba\u00f1o de vapor caliente que oscila sobre los 50\u00b0C, con una humedad relativa que ronda el 100%.<br \/> Se toma en una sala cerrada donde se mantienen esas condiciones. Su principal beneficio es la purificaci\u00f3n de v\u00edas respiratorias.<\/p>\n<p>[\/et_pb_text][\/et_pb_column][\/et_pb_row][\/et_pb_section][et_pb_section fb_built=&#8221;1&#8243; disabled_on=&#8221;off|off|on&#8221; _builder_version=&#8221;4.4.6&#8243; background_enable_color=&#8221;off&#8221; custom_padding=&#8221;||0px||false|false&#8221;][et_pb_row column_structure=&#8221;1_2,1_2&#8243; _builder_version=&#8221;4.4.6&#8243;][et_pb_column type=&#8221;1_2&#8243; _builder_version=&#8221;4.4.6&#8243;][et_pb_text _builder_version=&#8221;4.4.6&#8243; text_font=&#8221;Montserrat|100||on|||||&#8221; text_text_color=&#8221;#444444&#8243; text_font_size=&#8221;30px&#8221; text_line_height=&#8221;1.8em&#8221; min_height=&#8221;16px&#8221; custom_margin=&#8221;50px||||false|false&#8221; animation_style=&#8221;fade&#8221;]<\/p>\n<p style=\"text-align: center;\">SAUNA H\u00famedo<\/p>\n<p>[\/et_pb_text][et_pb_text _builder_version=&#8221;4.4.6&#8243; text_font=&#8221;Roboto|300|||||||&#8221; text_text_color=&#8221;#444444&#8243; text_font_size=&#8221;15px&#8221; text_line_height=&#8221;2em&#8221;]<\/p>\n<p style=\"text-align: justify;\">Es un ba\u00f1o de vapor caliente que oscila sobre los 50\u00b0C, con una humedad relativa que ronda el 100%.<br \/> Se toma en una sala cerrada donde se mantienen esas condiciones. Su principal beneficio es la purificaci\u00f3n de v\u00edas respiratorias.<\/p>\n<p>[\/et_pb_text][\/et_pb_column][et_pb_column type=&#8221;1_2&#8243; _builder_version=&#8221;4.4.6&#8243;][et_pb_image src=&#8221;https:\/\/www.galaapart.com.ar\/web\/wp-content\/uploads\/2020\/08\/Spa_4-min.jpg&#8221; title_text=&#8221;Spa_4-min&#8221; show_bottom_space=&#8221;off&#8221; _builder_version=&#8221;4.4.6&#8243; custom_margin=&#8221;||70px||false|false&#8221; animation_style=&#8221;fade&#8221;][\/et_pb_image][\/et_pb_column][\/et_pb_row][\/et_pb_section][et_pb_section fb_built=&#8221;1&#8243; _builder_version=&#8221;4.4.6&#8243; background_color=&#8221;#e1caa9&#8243; min_height=&#8221;847px&#8221;][et_pb_row _builder_version=&#8221;4.4.6&#8243; custom_margin__hover_enabled=&#8221;on|desktop&#8221;][et_pb_column type=&#8221;4_4&#8243; _builder_version=&#8221;4.4.6&#8243;][et_pb_image src=&#8221;https:\/\/www.galaapart.com.ar\/web\/wp-content\/uploads\/2020\/08\/Spa_icono1-min.png&#8221; title_text=&#8221;Spa_icono1-min&#8221; show_bottom_space=&#8221;off&#8221; align=&#8221;center&#8221; _builder_version=&#8221;4.4.6&#8243; module_alignment=&#8221;center&#8221; min_height=&#8221;40px&#8221; height=&#8221;70px&#8221; max_height=&#8221;100px&#8221; animation_style=&#8221;fade&#8221;][\/et_pb_image][et_pb_text _builder_version=&#8221;4.4.6&#8243; text_font=&#8221;Montserrat|100||on|||||&#8221; text_text_color=&#8221;#444444&#8243; text_font_size=&#8221;40px&#8221; text_line_height=&#8221;1.8em&#8221; min_height=&#8221;16px&#8221; animation_style=&#8221;fade&#8221; text_font_size_tablet=&#8221;&#8221; text_font_size_phone=&#8221;25px&#8221; text_font_size_last_edited=&#8221;on|phone&#8221; header_font_size_tablet=&#8221;&#8221; header_font_size_phone=&#8221;&#8221; header_font_size_last_edited=&#8221;on|phone&#8221;]<\/p>\n<p style=\"text-align: center;\">Servicio adicional opcional: Masoterapia<\/p>\n<p>[\/et_pb_text][et_pb_text _builder_version=&#8221;4.4.6&#8243; text_font=&#8221;Roboto|300|||||||&#8221; text_text_color=&#8221;#444444&#8243; text_font_size=&#8221;20px&#8221; text_line_height=&#8221;2em&#8221; text_font_size_tablet=&#8221;&#8221; text_font_size_phone=&#8221;15px&#8221; text_font_size_last_edited=&#8221;on|phone&#8221;]<\/p>\n<p style=\"text-align: justify;\">La Masoterapia es una terapia alternativa cuyo eje central son los masajes, los cuales son aplicados con fines terap\u00e9uticos, aportando numerosos beneficios a nuestro organismo, combinando diversos tipos de masajes, cada uno con una funci\u00f3n diferente.<br \/> Las diferentes t\u00e9cnicas de masajes son realizadas por personal especializado, quienes le har\u00e1n sentir el bienestar necesario.<\/p>\n<p>[\/et_pb_text][\/et_pb_column][\/et_pb_row][\/et_pb_section][et_pb_section fb_built=&#8221;1&#8243; _builder_version=&#8221;4.4.6&#8243;][et_pb_row _builder_version=&#8221;4.4.6&#8243;][et_pb_column type=&#8221;4_4&#8243; _builder_version=&#8221;4.4.6&#8243;][et_pb_button button_url=&#8221;@ET-DC@eyJkeW5hbWljIjp0cnVlLCJjb250ZW50IjoicG9zdF9saW5rX3VybF9wYWdlIiwic2V0dGluZ3MiOnsicG9zdF9pZCI6IjE0OCJ9fQ==@&#8221; button_text=&#8221;Hac\u00e9 tu reserva&#8221; button_alignment=&#8221;center&#8221; _builder_version=&#8221;4.4.6&#8243; _dynamic_attributes=&#8221;button_url&#8221; custom_button=&#8221;on&#8221; button_text_color=&#8221;#444444&#8243; button_on_hover=&#8221;off&#8221;][\/et_pb_button][\/et_pb_column][\/et_pb_row][\/et_pb_section][et_pb_section fb_built=&#8221;1&#8243; disabled_on=&#8221;on|on|off&#8221; module_class=&#8221;flex-columns&#8221; _builder_version=&#8221;4.4.6&#8243; background_color=&#8221;#222222&#8243; global_module=&#8221;751&#8243; saved_tabs=&#8221;all&#8221;][et_pb_row column_structure=&#8221;1_4,1_4,1_4,1_4&#8243; _builder_version=&#8221;4.4.6&#8243; max_width=&#8221;100%&#8221;][et_pb_column type=&#8221;1_4&#8243; _builder_version=&#8221;4.4.6&#8243;][et_pb_text _builder_version=&#8221;4.4.6&#8243; text_font=&#8221;|300|||||||&#8221; text_text_color=&#8221;#ffffff&#8221; text_font_size=&#8221;18px&#8221; link_option_url=&#8221;info@galaapart.com.ar&#8221;]<\/p>\n<p>D\u00f3nde estamos:<\/p>\n<p>Yaganes 47, Mar de las Pampas, Buenos Aires.<\/p>\n<p>[\/et_pb_text][et_pb_image src=&#8221;https:\/\/www.galaapart.com.ar\/web\/wp-content\/uploads\/2020\/08\/Gala-Logo-blanco.png&#8221; title_text=&#8221;Gala-Logo-blanco&#8221; _builder_version=&#8221;4.4.6&#8243; width=&#8221;70%&#8221; module_alignment=&#8221;left&#8221;][\/et_pb_image][\/et_pb_column][et_pb_column type=&#8221;1_4&#8243; _builder_version=&#8221;4.4.6&#8243;][et_pb_text _builder_version=&#8221;4.4.6&#8243; text_font=&#8221;|300|||||||&#8221; text_text_color=&#8221;#ffffff&#8221; text_font_size=&#8221;18px&#8221; link_option_url=&#8221;info@galaapart.com.ar&#8221;]<\/p>\n<p>Reservas:<\/p>\n<p><a href=\"mailto:info@galaapart.com.ar\">info@galaapart.com.ar<\/a><\/p>\n<p>(2255) 48-0411<\/p>\n<p>(02255) 47-6899<\/p>\n<p>[\/et_pb_text][\/et_pb_column][et_pb_column type=&#8221;1_4&#8243; _builder_version=&#8221;4.4.6&#8243;][et_pb_text _builder_version=&#8221;4.4.6&#8243; text_font=&#8221;|300|||||||&#8221; text_text_color=&#8221;#ffffff&#8221; text_font_size=&#8221;18px&#8221; custom_margin=&#8221;||1px|||&#8221; link_option_url=&#8221;info@galaapart.com.ar&#8221;]<\/p>\n<p>Newsletter:<\/p>\n<p>[\/et_pb_text][et_pb_signup mailchimp_list=&#8221;Gala web|5e5127b09e&#8221; name_field=&#8221;on&#8221; success_message=&#8221;\u00a1Gracias por suscribirte!&#8221; button_text=&#8221;Suscribite&#8221; _builder_version=&#8221;4.4.6&#8243; form_field_text_color=&#8221;rgba(0,0,0,0.8)&#8221; background_enable_color=&#8221;off&#8221; custom_button=&#8221;on&#8221; button_text_color=&#8221;#222222&#8243; button_bg_color=&#8221;#ffffff&#8221; button_border_radius=&#8221;0px&#8221; button_icon=&#8221;%%3%%&#8221; button_on_hover=&#8221;off&#8221; custom_padding=&#8221;2px|0px||0px||&#8221;][et_pb_signup_custom_field field_id=&#8221;Field_1&#8243; _builder_version=&#8221;4.4.6&#8243;][\/et_pb_signup_custom_field][\/et_pb_signup][et_pb_social_media_follow icon_color=&#8221;#444444&#8243; _builder_version=&#8221;4.4.6&#8243;][et_pb_social_media_follow_network social_network=&#8221;facebook&#8221; url=&#8221;https:\/\/www.facebook.com\/Galaapart&#8221; use_icon_font_size=&#8221;on&#8221; icon_font_size=&#8221;24px&#8221; _builder_version=&#8221;4.4.6&#8243; background_color=&#8221;#ffffff&#8221; background_enable_color=&#8221;on&#8221; follow_button=&#8221;off&#8221; url_new_window=&#8221;on&#8221;]facebook[\/et_pb_social_media_follow_network][et_pb_social_media_follow_network social_network=&#8221;instagram&#8221; url=&#8221;https:\/\/www.instagram.com\/apart_gala\/&#8221; use_icon_font_size=&#8221;on&#8221; icon_font_size=&#8221;24px&#8221; _builder_version=&#8221;4.4.6&#8243; background_color=&#8221;#ffffff&#8221; background_enable_color=&#8221;on&#8221; follow_button=&#8221;off&#8221; url_new_window=&#8221;on&#8221;]instagram[\/et_pb_social_media_follow_network][\/et_pb_social_media_follow][\/et_pb_column][et_pb_column type=&#8221;1_4&#8243; _builder_version=&#8221;4.4.6&#8243;][et_pb_image src=&#8221;https:\/\/www.galaapart.com.ar\/web\/wp-content\/uploads\/2020\/08\/booking-award-2020-min.jpg&#8221; title_text=&#8221;booking award 2020-min&#8221; align=&#8221;center&#8221; _builder_version=&#8221;4.4.6&#8243;][\/et_pb_image][\/et_pb_column][\/et_pb_row][\/et_pb_section][et_pb_section fb_built=&#8221;1&#8243; disabled_on=&#8221;off|off|on&#8221; module_class=&#8221;flex-columns&#8221; _builder_version=&#8221;4.4.6&#8243; background_color=&#8221;#222222&#8243; global_module=&#8221;753&#8243; saved_tabs=&#8221;all&#8221;][et_pb_row column_structure=&#8221;1_2,1_2&#8243; _builder_version=&#8221;4.4.6&#8243; max_width=&#8221;100%&#8221;][et_pb_column type=&#8221;1_2&#8243; _builder_version=&#8221;4.4.6&#8243;][et_pb_text _builder_version=&#8221;4.4.6&#8243; text_font=&#8221;|300|||||||&#8221; text_text_color=&#8221;#ffffff&#8221; min_height=&#8221;142px&#8221; link_option_url=&#8221;info@galaapart.com.ar&#8221;]<\/p>\n<p>D\u00f3nde estamos:<\/p>\n<p>Yaganes 47, Mar de las Pampas, Buenos Aires.<\/p>\n<p>[\/et_pb_text][et_pb_image src=&#8221;https:\/\/www.galaapart.com.ar\/web\/wp-content\/uploads\/2020\/08\/booking-award-2020-min.jpg&#8221; title_text=&#8221;booking award 2020-min&#8221; _builder_version=&#8221;4.4.6&#8243; width=&#8221;80%&#8221; module_alignment=&#8221;left&#8221; custom_margin=&#8221;0px||||false|false&#8221; custom_padding=&#8221;||||false|false&#8221;][\/et_pb_image][\/et_pb_column][et_pb_column type=&#8221;1_2&#8243; _builder_version=&#8221;4.4.6&#8243;][et_pb_text _builder_version=&#8221;4.4.6&#8243; text_font=&#8221;|300|||||||&#8221; text_text_color=&#8221;#ffffff&#8221; link_option_url=&#8221;info@galaapart.com.ar&#8221;]<\/p>\n<p>Reservas:<\/p>\n<p><a href=\"mailto:info@galaapart.com.ar\">info@galaapart.com.ar<\/a><\/p>\n<p>(2255) 48-0411<\/p>\n<p>(02255) 47-6899<\/p>\n<p>[\/et_pb_text][et_pb_text _builder_version=&#8221;4.4.6&#8243; text_font=&#8221;|300|||||||&#8221; text_text_color=&#8221;#ffffff&#8221; custom_margin=&#8221;||1px|||&#8221; link_option_url=&#8221;info@galaapart.com.ar&#8221;]<\/p>\n<p>Newsletter:<\/p>\n<p>[\/et_pb_text][et_pb_signup mailchimp_list=&#8221;Gala web|5e5127b09e&#8221; name_field=&#8221;on&#8221; success_message=&#8221;\u00a1Gracias por suscribirte!&#8221; button_text=&#8221;Suscribite&#8221; _builder_version=&#8221;4.4.6&#8243; form_field_text_color=&#8221;rgba(0,0,0,0.8)&#8221; background_enable_color=&#8221;off&#8221; custom_button=&#8221;on&#8221; button_text_color=&#8221;#222222&#8243; button_bg_color=&#8221;#ffffff&#8221; button_border_radius=&#8221;0px&#8221; button_icon=&#8221;%%3%%&#8221; button_on_hover=&#8221;off&#8221; width=&#8221;82%&#8221; module_alignment=&#8221;left&#8221; min_height=&#8221;203px&#8221; custom_padding=&#8221;2px|0px||0px||&#8221;][et_pb_signup_custom_field field_id=&#8221;Field_1&#8243; _builder_version=&#8221;4.4.6&#8243;][\/et_pb_signup_custom_field][\/et_pb_signup][\/et_pb_column][\/et_pb_row][et_pb_row _builder_version=&#8221;4.4.6&#8243; custom_margin=&#8221;-20px|auto||auto||&#8221; custom_padding=&#8221;0px|||||&#8221;][et_pb_column type=&#8221;4_4&#8243; _builder_version=&#8221;4.4.6&#8243;][et_pb_social_media_follow icon_color=&#8221;#444444&#8243; _builder_version=&#8221;4.4.6&#8243; text_orientation=&#8221;center&#8221;][et_pb_social_media_follow_network social_network=&#8221;facebook&#8221; url=&#8221;https:\/\/www.facebook.com\/Galaapart&#8221; use_icon_font_size=&#8221;on&#8221; icon_font_size=&#8221;24px&#8221; _builder_version=&#8221;4.4.6&#8243; background_color=&#8221;#ffffff&#8221; background_enable_color=&#8221;on&#8221; follow_button=&#8221;off&#8221; url_new_window=&#8221;on&#8221;]facebook[\/et_pb_social_media_follow_network][et_pb_social_media_follow_network social_network=&#8221;instagram&#8221; url=&#8221;https:\/\/www.instagram.com\/apart_gala\/&#8221; use_icon_font_size=&#8221;on&#8221; icon_font_size=&#8221;24px&#8221; _builder_version=&#8221;4.4.6&#8243; background_color=&#8221;#ffffff&#8221; background_enable_color=&#8221;on&#8221; follow_button=&#8221;off&#8221; url_new_window=&#8221;on&#8221;]instagram[\/et_pb_social_media_follow_network][\/et_pb_social_media_follow][et_pb_image src=&#8221;https:\/\/www.galaapart.com.ar\/web\/wp-content\/uploads\/2020\/08\/Gala-Logo-blanco.png&#8221; title_text=&#8221;Gala-Logo-blanco&#8221; align=&#8221;center&#8221; _builder_version=&#8221;4.4.6&#8243; width=&#8221;50%&#8221; module_alignment=&#8221;center&#8221;][\/et_pb_image][\/et_pb_column][\/et_pb_row][\/et_pb_section]<\/p>\n","protected":false},"excerpt":{"rendered":"<p>SpaCircuitos h\u00eddricos que ayudan a eliminar tensiones y desintoxicar el cuerpo. Su uso es por turnos, previamente elegidos, lo que les garantizar\u00e1 una privacidad necesaria para disfrutar.DUCHA ESCOCESAEs uno de los tratamientos hidroterap\u00e9uticos m\u00e1s eficaces para combatir el estr\u00e9s y tonificar musculatura. Se basa en la proyecci\u00f3n de agua en chorros a presi\u00f3n. Se suele [&hellip;]<\/p>\n","protected":false},"author":1,"featured_media":0,"parent":0,"menu_order":0,"comment_status":"closed","ping_status":"closed","template":"","meta":{"_et_pb_use_builder":"on","_et_pb_old_content":"","_et_gb_content_width":"","_joinchat":[],"footnotes":""},"class_list":["post-286","page","type-page","status-publish","hentry"],"_links":{"self":[{"href":"https:\/\/www.galaapart.com.ar\/web\/wp-json\/wp\/v2\/pages\/286","targetHints":{"allow":["GET"]}}],"collection":[{"href":"https:\/\/www.galaapart.com.ar\/web\/wp-json\/wp\/v2\/pages"}],"about":[{"href":"https:\/\/www.galaapart.com.ar\/web\/wp-json\/wp\/v2\/types\/page"}],"author":[{"embeddable":true,"href":"https:\/\/www.galaapart.com.ar\/web\/wp-json\/wp\/v2\/users\/1"}],"replies":[{"embeddable":true,"href":"https:\/\/www.galaapart.com.ar\/web\/wp-json\/wp\/v2\/comments?post=286"}],"version-history":[{"count":17,"href":"https:\/\/www.galaapart.com.ar\/web\/wp-json\/wp\/v2\/pages\/286\/revisions"}],"predecessor-version":[{"id":1115,"href":"https:\/\/www.galaapart.com.ar\/web\/wp-json\/wp\/v2\/pages\/286\/revisions\/1115"}],"wp:attachment":[{"href":"https:\/\/www.galaapart.com.ar\/web\/wp-json\/wp\/v2\/media?parent=286"}],"curies":[{"name":"wp","href":"https:\/\/api.w.org\/{rel}","templated":true}]}}